{"id":7827,"date":"2026-03-04T18:00:39","date_gmt":"2026-03-04T23:00:39","guid":{"rendered":"https:\/\/royalquebec.com\/?page_id=7827"},"modified":"2026-04-01T14:30:42","modified_gmt":"2026-04-01T18:30:42","slug":"juniors","status":"publish","type":"page","link":"https:\/\/royalquebec.com\/en\/juniors\/","title":{"rendered":"Programme Junior"},"content":{"rendered":"<div class=\"wpb-content-wrapper\"><p>[vc_section el_class=&#8221;section border-bottom&#8221;][vc_row el_class=&#8221;section-image-text-align-centered container&#8221; css=&#8221;.vc_custom_1646287928539{padding-bottom: 0px !important;}&#8221;][vc_column offset=&#8221;vc_col-lg-offset-0&#8243;][vc_row_inner content_placement=&#8221;middle&#8221;][vc_column_inner el_class=&#8221;mb-3&#8243; width=&#8221;1\/3&#8243; extra_attr=&#8221;data-aos=&#8220;fade-right&#8220; data-aos-duration=&#8220;650&#8220; data-aos-easing=&#8220;ease-in&#8220;&#8221;][vc_single_image image=&#8221;686&#8243; img_size=&#8221;349&#215;259&#8243; alignment=&#8221;center&#8221; css=&#8221;.vc_custom_1772660148204{margin-bottom: 0px !important;}&#8221; el_class=&#8221;pt-auto pl-auto pr-auto pr-lg-0 pl-lg-0&#8243;][\/vc_column_inner][vc_column_inner el_class=&#8221;px-md-4&#8243; width=&#8221;2\/3&#8243; extra_attr=&#8221;data-aos=&#8220;fade-left&#8220; data-aos-duration=&#8220;650&#8220; data-aos-easing=&#8220;ease-in&#8220;&#8221;][vc_column_text css=&#8221;&#8221; el_class=&#8221;mb-3&#8243;]<\/p>\n<h2 class=\"h4\">Que ce soit pour devenir membre junior, faire partie des petits royaux, participer aux camp d&#8217;\u00e9t\u00e9 ou prendre des cours priv\u00e9s, le programme junior du Royal Qu\u00e9bec est l\u00e0 pour les jeunes de 6 \u00e0 18 ans!<\/h2>\n<p>[\/vc_column_text][vc_column_text css=&#8221;&#8221;][\/vc_column_text][\/vc_column_inner][\/vc_row_inner][\/vc_column][\/vc_row][\/vc_section][vc_section el_class=&#8221;section container border-bottom&#8221;][vc_row gap=&#8221;10&#8243; css=&#8221;.vc_custom_1772212383006{border-top-width: 1px !important;border-right-width: 1px !important;border-bottom-width: 1px !important;border-left-width: 1px !important;}&#8221;][vc_column el_class=&#8221;mb-4&#8243; extra_attr=&#8221;data-aos=&#8220;fade-up&#8220; data-aos-duration=&#8220;650&#8220; data-aos-easing=&#8220;ease-in&#8220;&#8221; css=&#8221;.vc_custom_1772212450180{border-top-width: 1px !important;border-right-width: 1px !important;border-bottom-width: 1px !important;border-left-width: 1px !important;background-color: #E9E9E9 !important;border-radius: 3px !important;border-color: #000000 !important;}&#8221;][vc_column_text css=&#8221;&#8221; el_class=&#8221;mb-4&#8243;]<\/p>\n<div class=\"sppb-addon sppb-addon-text-block rq-academie\">\n<div class=\"sppb-addon-content\">\n<h3 style=\"text-align: center;\"><strong>Camps d&#8217;\u00e9t\u00e9<\/strong><\/h3>\n<\/div>\n<\/div>\n<p>[\/vc_column_text][vc_column_text css=&#8221;&#8221;]<\/p>\n<p style=\"text-align: center;\"><strong>C&#8217;EST PARTI POUR<\/strong><br \/>\n<strong>LES CAMPS JUNIORS 2026!<\/strong><\/p>\n<p style=\"text-align: center;\">Les inscriptions sont maintenant ouvertes pour nos 7 semaines de camps de jour du tout nouveau programme junior du Club de golf Royal Qu\u00e9bec.<\/p>\n<p style=\"text-align: center;\"><strong>Enti\u00e8rement revamp\u00e9!<\/strong><\/p>\n<p style=\"text-align: center;\"><strong>Matin\u00e9es 100% golf!<\/strong><br \/>\nEncadrement structur\u00e9 par notre \u00e9quipe de professionnels et de golfeurs amateurs de haut niveau : technique, th\u00e9orie, \u00e9tiquette, jeux, parcours et d\u00e9fis adapt\u00e9s \u00e0 chaque groupe.<\/p>\n<p style=\"text-align: center;\"><strong>Apr\u00e8s-midis multisports!<\/strong><br \/>\nAction, esprit d\u2019\u00e9quipe et plaisir garanti!<\/p>\n<p style=\"text-align: center;\"><strong>Nouveaut\u00e9 2026 :<\/strong> service de traiteur le midi pour simplifier votre \u00e9t\u00e9!<\/p>\n<p style=\"text-align: center;\">Une \u00e9quipe compl\u00e8te de pros et de moniteurs dynamiques prendra en charge votre jeune tout l\u2019\u00e9t\u00e9 dans un environnement s\u00e9curitaire, stimulant et amusant.<\/p>\n<p style=\"text-align: center;\">Les places sont limit\u00e9es \u2014 inscrivez-vous d\u00e8s maintenant !<\/p>\n<p style=\"text-align: center;\">Ouvert aux enfants membres et non-membres ag\u00e9s de 8 \u00e0 13 ans le 1ier octobre 2025<\/p>\n<p style=\"text-align: center;\">Semaine 1 &#8211; 29 juin &#8211; COMPLET (Liste d&#8217;attente disponible)<\/p>\n<p style=\"text-align: center;\">Semaine 2 &#8211; 6 juillet &#8211; COMPLET (Liste d&#8217;attente disponible)<\/p>\n<p style=\"text-align: center;\">Semaine 3 &#8211; 13 juillet &#8211; COMPLET (Liste d&#8217;attente disponible)<\/p>\n<p style=\"text-align: center;\">Semaine 4 &#8211; 20 juillet &#8211; COMPLET (Liste d&#8217;attente disponible)<\/p>\n<p style=\"text-align: center;\">Semaine 5 &#8211; 27 juillet &#8211; COMPLET (Liste d&#8217;attente disponible)<\/p>\n<p style=\"text-align: center;\"><strong>Semaine 6 &#8211; 3 ao\u00fbt &#8211; PLACES DISPONIBLES!<\/strong><\/p>\n<p style=\"text-align: center;\"><strong>Semaine 7 &#8211; 10 ao\u00fbt &#8211; PLACES DISPONIBLES!<\/strong><\/p>\n<h2 style=\"text-align: center;\"><strong><a href=\"https:\/\/forms.office.com\/pages\/responsepage.aspx?id=82VmWUskLU6EmlUxJyQhU9qe7GtEJi5AkCFec6I7J29UQU4zTzhRQjRGVzNCRlI2TTZOQTM0TlVRRC4u&amp;route=shorturl\">FORMULAIRE D&#8217;INSCRIPTION<\/a><\/strong><\/h2>\n<p>[\/vc_column_text][\/vc_column][\/vc_row][\/vc_section][vc_section el_class=&#8221;section container border-bottom&#8221;][vc_row gap=&#8221;10&#8243; css=&#8221;.vc_custom_1772661109133{background-color: #E9E9E9 !important;border-radius: 2px !important;}&#8221;][vc_column width=&#8221;1\/2&#8243; el_class=&#8221;mb-4&#8243; extra_attr=&#8221;data-aos=&#8220;fade-up&#8220; data-aos-duration=&#8220;650&#8220; data-aos-easing=&#8220;ease-in&#8220;&#8221; css=&#8221;.vc_custom_1772661220559{border-top-width: 1px !important;border-right-width: 1px !important;border-bottom-width: 1px !important;border-left-width: 1px !important;}&#8221;][vc_column_text css=&#8221;.vc_custom_1772660869324{margin-bottom: 15px !important;}&#8221; el_class=&#8221;mb-4&#8243;]<\/p>\n<div class=\"sppb-addon sppb-addon-text-block rq-academie\">\n<div class=\"sppb-addon-content\">\n<h3 style=\"text-align: center;\"><strong>Membres Juniors<\/strong><\/h3>\n<\/div>\n<\/div>\n<p>[\/vc_column_text][vc_column_text css=&#8221;&#8221;]Pour les 6 \u00e0 18 ans, nos forfaits ont \u00e9t\u00e9 ajust\u00e9s pour la saison 2026 pour \u00eatre en mesure d&#8217;acceuillir plus de jeunes dans notre programme junior.<\/p>\n<p>Chaque semaine pendant l&#8217;\u00e9t\u00e9, nos membres juniors peuvent participer \u00e0 des cliniques, parties organis\u00e9es et tournois. Il accumulent aussi des points pour notre ordre de m\u00e9rite qui r\u00e9compense leur participation et b\u00e9n\u00e9volat en fin de saison.[\/vc_column_text][\/vc_column][vc_column width=&#8221;1\/2&#8243; extra_attr=&#8221;data-aos=&#8220;fade-up&#8220; data-aos-duration=&#8220;650&#8220; data-aos-easing=&#8220;ease-in&#8220;&#8221;][vc_column_text css=&#8221;.vc_custom_1772660878610{margin-bottom: 15px !important;}&#8221; el_class=&#8221;mb-4&#8243;]<\/p>\n<div class=\"sppb-addon sppb-addon-text-block rq-academie\">\n<div class=\"sppb-addon-content\">\n<h3 style=\"text-align: center;\"><strong>Petits Royaux<\/strong><\/h3>\n<\/div>\n<\/div>\n<p>[\/vc_column_text][vc_column_text css=&#8221;.vc_custom_1774032802780{margin-bottom: 70px !important;}&#8221;]Les entants et les petits-enfants de membres du club peuvent profiter de notre programme sur mesure pour les 5 \u00e0 11 ans.[\/vc_column_text][vc_column_text css=&#8221;.vc_custom_1772660885014{margin-bottom: 15px !important;}&#8221; el_class=&#8221;mb-4&#8243;]<\/p>\n<div class=\"sppb-addon sppb-addon-text-block rq-academie\">\n<div class=\"sppb-addon-content\">\n<h3 style=\"text-align: center;\"><strong>Cours Priv\u00e9s<\/strong><\/h3>\n<\/div>\n<\/div>\n<p>[\/vc_column_text][vc_column_text css=&#8221;&#8221;]Des cours priv\u00e9s sont aussi disponibles \u00e0 notre acad\u00e9mie pour les membres et les non-membres[\/vc_column_text][\/vc_column][\/vc_row][vc_row][vc_column][vc_column_text css=&#8221;&#8221;]<\/p>\n<p style=\"text-align: center;\">Informations: <strong>junior@royalquebec.com<\/strong><\/p>\n<p>[\/vc_column_text][\/vc_column][\/vc_row][\/vc_section][vc_row full_width=&#8221;stretch_row_content_no_spaces&#8221;][vc_column][vc_single_image image=&#8221;7927&#8243; img_size=&#8221;full&#8221; alignment=&#8221;center&#8221; style=&#8221;vc_box_rounded&#8221; css=&#8221;&#8221;][\/vc_column][\/vc_row]<\/p>\n<\/div>","protected":false},"excerpt":{"rendered":"<p>[vc_section el_class=&#8221;section border-bottom&#8221;][vc_row el_class=&#8221;section-image-text-align-centered container&#8221; css=&#8221;.vc_custom_1646287928539{padding-bottom: 0px !important;}&#8221;][vc_column offset=&#8221;vc_col-lg-offset-0&#8243;][vc_row_inner content_placement=&#8221;middle&#8221;][vc_column_inner el_class=&#8221;mb-3&#8243; width=&#8221;1\/3&#8243; extra_attr=&#8221;data-aos=&#8220;fade-right&#8220; data-aos-duration=&#8220;650&#8220; data-aos-easing=&#8220;ease-in&#8220;&#8221;][vc_single_image image=&#8221;686&#8243; img_size=&#8221;349&#215;259&#8243; alignment=&#8221;center&#8221; css=&#8221;.vc_custom_1772660148204{margin-bottom: 0px !important;}&#8221; el_class=&#8221;pt-auto pl-auto pr-auto pr-lg-0 pl-lg-0&#8243;][\/vc_column_inner][vc_column_inner el_class=&#8221;px-md-4&#8243; width=&#8221;2\/3&#8243; extra_attr=&#8221;data-aos=&#8220;fade-left&#8220; data-aos-duration=&#8220;650&#8220; data-aos-easing=&#8220;ease-in&#8220;&#8221;][vc_column_text css=&#8221;&#8221; el_class=&#8221;mb-3&#8243;] Que ce soit pour devenir membre junior, faire partie des petits royaux, participer aux camp d&#8217;\u00e9t\u00e9 ou prendre des cours priv\u00e9s, le [&hellip;]<\/p>\n","protected":false},"author":14,"featured_media":7878,"parent":0,"menu_order":52,"comment_status":"closed","ping_status":"closed","template":"","meta":{"_acf_changed":false,"inline_featured_image":false,"footnotes":""},"class_list":["post-7827","page","type-page","status-publish","has-post-thumbnail","hentry"],"acf":[],"_links":{"self":[{"href":"https:\/\/royalquebec.com\/en\/wp-json\/wp\/v2\/pages\/7827","targetHints":{"allow":["GET"]}}],"collection":[{"href":"https:\/\/royalquebec.com\/en\/wp-json\/wp\/v2\/pages"}],"about":[{"href":"https:\/\/royalquebec.com\/en\/wp-json\/wp\/v2\/types\/page"}],"author":[{"embeddable":true,"href":"https:\/\/royalquebec.com\/en\/wp-json\/wp\/v2\/users\/14"}],"replies":[{"embeddable":true,"href":"https:\/\/royalquebec.com\/en\/wp-json\/wp\/v2\/comments?post=7827"}],"version-history":[{"count":13,"href":"https:\/\/royalquebec.com\/en\/wp-json\/wp\/v2\/pages\/7827\/revisions"}],"predecessor-version":[{"id":7941,"href":"https:\/\/royalquebec.com\/en\/wp-json\/wp\/v2\/pages\/7827\/revisions\/7941"}],"wp:featuredmedia":[{"embeddable":true,"href":"https:\/\/royalquebec.com\/en\/wp-json\/wp\/v2\/media\/7878"}],"wp:attachment":[{"href":"https:\/\/royalquebec.com\/en\/wp-json\/wp\/v2\/media?parent=7827"}],"curies":[{"name":"wp","href":"https:\/\/api.w.org\/{rel}","templated":true}]}}