{"id":3005,"date":"2022-02-21T05:06:05","date_gmt":"2022-02-21T09:06:05","guid":{"rendered":"https:\/\/royalquebec.com\/golf\/"},"modified":"2024-04-12T09:59:20","modified_gmt":"2024-04-12T13:59:20","slug":"golf","status":"publish","type":"page","link":"https:\/\/royalquebec.com\/en\/golf\/","title":{"rendered":"Golf"},"content":{"rendered":"<div class=\"wpb-content-wrapper\"><p>[vc_section el_class=&#8221;container section&#8221;][vc_row][vc_column][vc_column_text el_class=&#8221;mb-3&#8243; css=&#8221;.vc_custom_1712930133623{margin-bottom: 60px !important;}&#8221;]<\/p>\n<div style=\"display: none;\">\n<p>Si vous voulez essayer de gagner aux Jeux <a href=\"https:\/\/casinoscad.com\/\">casino en ligne<\/a> Canada, vous devez savoir comment jouer au blackjack. Ce jeu de casino populaire a de nombreuses variantes. Certaines personnes essaient des strat\u00e9gies de comptage des cartes pour augmenter leurs chances de gagner. Bien que ces strat\u00e9gies fonctionnent, elles ne devraient pas \u00eatre utilis\u00e9es pour le plaisir. Il existe certaines r\u00e8gles et directives que vous devez suivre lorsque vous jouez au blackjack. Vous trouverez ci-dessous quelques conseils pour que vous puissiez gagner aux jeux Casino Online Canada. Observez ces r\u00e8gles pour rendre votre exp\u00e9rience de casino en ligne agr\u00e9able.<\/p>\n<p>Tout d&#8217;abord, s\u00e9lectionnez un casino en ligne qui permet aux joueurs canadiens de d\u00e9poser de l&#8217;argent r\u00e9el. De cette fa\u00e7on, vous pouvez essayer diff\u00e9rents jeux sans risquer votre argent. Vous pouvez \u00e9galement choisir de jouer gratuitement avant de faire un vrai d\u00e9p\u00f4t. Cela vous \u00e9vitera d&#8217;attendre des heures voire des jours pour voir votre argent. Deuxi\u00e8mement, consultez les options de d\u00e9p\u00f4t et de retrait du casino. Les plus faciles sont ceux qui offrent les options de retrait les plus rapides et les meilleurs taux de d\u00e9p\u00f4t.<\/p>\n<p>Si vous \u00eates un amateur de cr\u00e9neaux, essayez de trouver un casino en ligne canadien qui offre des tours gratuits sur les cr\u00e9neaux. De nombreux meilleurs casinos au Canada offrent des tours gratuits sur les cr\u00e9neaux pour encourager les joueurs \u00e0 rester avec eux. Comme les jeux qui tournent sont le pain et le beurre des salons de jeu, ces tours gratuits sont comme de l&#8217;argent dans ce jeu. Cependant, vous devez toujours lire les petits caract\u00e8res. Vous ne gagnez peut-\u00eatre pas le jackpot avec votre argent bonus, alors assurez-vous de conna\u00eetre votre limite maximale avant de jouer.<\/p>\n<\/div>\n<h2>2 beautiful 18 hole courses<\/h2>\n<p>[\/vc_column_text][vc_column_text el_class=&#8221;mb-3&#8243;]<\/p>\n<div style=\"display: none;\">\n<p>Si vous voulez essayer de gagner aux Jeux <a href=\"https:\/\/casinoscad.com\/\">casino en ligne<\/a> Canada, vous devez savoir comment jouer au blackjack. Ce jeu de casino populaire a de nombreuses variantes. Certaines personnes essaient des strat\u00e9gies de comptage des cartes pour augmenter leurs chances de gagner. Bien que ces strat\u00e9gies fonctionnent, elles ne devraient pas \u00eatre utilis\u00e9es pour le plaisir. Il existe certaines r\u00e8gles et directives que vous devez suivre lorsque vous jouez au blackjack. Vous trouverez ci-dessous quelques conseils pour que vous puissiez gagner aux jeux Casino Online Canada. Observez ces r\u00e8gles pour rendre votre exp\u00e9rience de casino en ligne agr\u00e9able.<\/p>\n<p>Tout d&#8217;abord, s\u00e9lectionnez un casino en ligne qui permet aux joueurs canadiens de d\u00e9poser de l&#8217;argent r\u00e9el. De cette fa\u00e7on, vous pouvez essayer diff\u00e9rents jeux sans risquer votre argent. Vous pouvez \u00e9galement choisir de jouer gratuitement avant de faire un vrai d\u00e9p\u00f4t. Cela vous \u00e9vitera d&#8217;attendre des heures voire des jours pour voir votre argent. Deuxi\u00e8mement, consultez les options de d\u00e9p\u00f4t et de retrait du casino. Les plus faciles sont ceux qui offrent les options de retrait les plus rapides et les meilleurs taux de d\u00e9p\u00f4t.<\/p>\n<p>Si vous \u00eates un amateur de cr\u00e9neaux, essayez de trouver un casino en ligne canadien qui offre des tours gratuits sur les cr\u00e9neaux. De nombreux meilleurs casinos au Canada offrent des tours gratuits sur les cr\u00e9neaux pour encourager les joueurs \u00e0 rester avec eux. Comme les jeux qui tournent sont le pain et le beurre des salons de jeu, ces tours gratuits sont comme de l&#8217;argent dans ce jeu. Cependant, vous devez toujours lire les petits caract\u00e8res. Vous ne gagnez peut-\u00eatre pas le jackpot avec votre argent bonus, alors assurez-vous de conna\u00eetre votre limite maximale avant de jouer.<\/p>\n<\/div>\n<p>Royal Quebec Golf Course is a prestigious semi-private golf facility. It is also one of the oldest golf course in North America. The 2 beautiful courses, Royal and Quebec, emerge from an exceptionnal wooden scenery and represent challenges suitable for all types of player. Located near Les Chutes Montmorency in Boischatel, and also ten minutes away from the heart of Quebec City, you will be surrounded by the atmosphere of an exclusive golf course close to the city.[\/vc_column_text][\/vc_column][\/vc_row][\/vc_section][vc_section][vc_row el_class=&#8221;espace-avant-bouton&#8221;][vc_column][image_text custom_btn=&#8221;url:https%3A%2F%2Froyalquebec.com%2Fen%2Fgolf%2Froyal-course%2F|title:View%20the%2018%20holes&#8221; custom_btn_2=&#8221;url:https%3A%2F%2Froyalquebec.com%2Fwp-content%2Fuploads%2F2023%2F05%2FCartesPointage_RoyalQC23_ParcoursRoyal-1.pdf|title:Scorecard|target:_blank&#8221; custom_title=&#8221;Royal Course&#8221; custom_image=&#8221;6403&#8243;]The Royal is undoubtedly the most popular course among members and visitors. Its distance up to 6789 yards represents a challenge worthy of competitions such as The Duc de Kent. The Par 3 #4 is his signature hole.[\/image_text][\/vc_column][\/vc_row][vc_row el_class=&#8221;espace-avant-bouton&#8221;][vc_column][image_text custom_image_position=&#8221;true&#8221; custom_btn=&#8221;url:https%3A%2F%2Froyalquebec.com%2Fen%2Fgolf%2Fquebec-course%2F|title:View%20the%2018%20holes&#8221; custom_btn_2=&#8221;url:https%3A%2F%2Froyalquebec.com%2Fwp-content%2Fuploads%2F2023%2F06%2FCartesPointage_RoyalQC23_ParcoursQuebec.pdf|title:Scorecard|target:_blank&#8221; custom_title=&#8221;Quebec Course&#8221; custom_image=&#8221;6407&#8243;]With its 6643 yards and narrow fairways, the Quebec course is offering the highest degree of difficulty in the region. Your landing shot on 18th, will give you a majestic view of our historic club house. Who knows, you might even receive applause coming from our brand new terrace.[\/image_text][\/vc_column][\/vc_row][vc_row el_class=&#8221;espace-avant-bouton&#8221;][vc_column][image_text custom_btn=&#8221;&#8221; custom_btn_2=&#8221;false&#8221; custom_title=&#8221;Facilities and Equipment at the cutting edge of technologies&#8221; custom_image=&#8221;6405&#8243;]Royal Quebec Golf Course continues to invest in its installations on the golf course and practice facilities.<\/p>\n<p>&nbsp;<\/p>\n<ul>\n<li>Hitting area on 2 different level towards target greens to acccomodate the academy, the members and the juniors.<\/li>\n<li>Unlimited high performance practice range balls<\/li>\n<li>Indoor academy with large garage doors to hit balls from the inside to the outside<\/li>\n<li>2 very large practice greens<\/li>\n<li>Sand bunkers and short game practice area<\/li>\n<li>Swing analysis technologies as Radar Scope<\/li>\n<\/ul>\n<p>[\/image_text][\/vc_column][\/vc_row][\/vc_section]<\/p>\n<\/div>","protected":false},"excerpt":{"rendered":"<p>[vc_section el_class=&#8221;container section&#8221;][vc_row][vc_column][vc_column_text el_class=&#8221;mb-3&#8243; css=&#8221;.vc_custom_1712930133623{margin-bottom: 60px !important;}&#8221;] Si vous voulez essayer de gagner aux Jeux casino en ligne Canada, vous devez savoir comment jouer au blackjack. Ce jeu de casino populaire a de nombreuses variantes. Certaines personnes essaient des strat\u00e9gies de comptage des cartes pour augmenter leurs chances de gagner. Bien que ces strat\u00e9gies fonctionnent, [&hellip;]<\/p>\n","protected":false},"author":8,"featured_media":6447,"parent":0,"menu_order":43,"comment_status":"closed","ping_status":"closed","template":"","meta":{"_acf_changed":false,"inline_featured_image":false,"footnotes":""},"class_list":["post-3005","page","type-page","status-publish","has-post-thumbnail","hentry"],"acf":[],"_links":{"self":[{"href":"https:\/\/royalquebec.com\/en\/wp-json\/wp\/v2\/pages\/3005","targetHints":{"allow":["GET"]}}],"collection":[{"href":"https:\/\/royalquebec.com\/en\/wp-json\/wp\/v2\/pages"}],"about":[{"href":"https:\/\/royalquebec.com\/en\/wp-json\/wp\/v2\/types\/page"}],"author":[{"embeddable":true,"href":"https:\/\/royalquebec.com\/en\/wp-json\/wp\/v2\/users\/8"}],"replies":[{"embeddable":true,"href":"https:\/\/royalquebec.com\/en\/wp-json\/wp\/v2\/comments?post=3005"}],"version-history":[{"count":8,"href":"https:\/\/royalquebec.com\/en\/wp-json\/wp\/v2\/pages\/3005\/revisions"}],"predecessor-version":[{"id":6418,"href":"https:\/\/royalquebec.com\/en\/wp-json\/wp\/v2\/pages\/3005\/revisions\/6418"}],"wp:featuredmedia":[{"embeddable":true,"href":"https:\/\/royalquebec.com\/en\/wp-json\/wp\/v2\/media\/6447"}],"wp:attachment":[{"href":"https:\/\/royalquebec.com\/en\/wp-json\/wp\/v2\/media?parent=3005"}],"curies":[{"name":"wp","href":"https:\/\/api.w.org\/{rel}","templated":true}]}}