{"id":2963,"date":"2022-03-04T23:51:49","date_gmt":"2022-03-05T04:51:49","guid":{"rendered":"https:\/\/royalquebec.com\/c-a-et-comites\/"},"modified":"2026-02-17T13:05:46","modified_gmt":"2026-02-17T17:05:46","slug":"governance","status":"publish","type":"page","link":"https:\/\/royalquebec.com\/en\/governance\/","title":{"rendered":"Governance"},"content":{"rendered":"<div class=\"wpb-content-wrapper\"><p>[vc_section el_class=&#8221;container section&#8221;][vc_row el_class=&#8221;border-bottom&#8221;][vc_column width=&#8221;1\/4&#8243; extra_attr=&#8221;data-aos=&#8220;fade-up&#8220; data-aos-duration=&#8220;650&#8220; data-aos-easing=&#8220;ease-in&#8220;&#8221;][vc_column_text css=&#8221;&#8221; el_class=&#8221;mb-1&#8243;]<\/p>\n<h2 class=\"h4 text-uppercase\"><strong>General<\/strong><br \/>\n<strong>Manager<\/strong><\/h2>\n<p>David Rivest[\/vc_column_text][vc_column_text css=&#8221;&#8221;][\/vc_column_text][\/vc_column][vc_column width=&#8221;3\/4&#8243; extra_attr=&#8221;data-aos=&#8220;fade-up&#8220; data-aos-duration=&#8220;650&#8220; data-aos-easing=&#8220;ease-in&#8220;&#8221; el_class=&#8221;mb-3&#8243;][vc_column_text]<\/p>\n<h2 class=\"h4 text-uppercase\"><strong>BOARD OF DIRECTORS<\/strong><\/h2>\n<p>[\/vc_column_text][vc_column_text css=&#8221;&#8221;]<strong>President<\/strong><br \/>\nLouis Julien<\/p>\n<p><strong>Vice-President<\/strong><br \/>\nDave Dumas<\/p>\n<p><strong>Secretary<\/strong><br \/>\nSerge Belleau<\/p>\n<p><strong>Treasurer<\/strong><br \/>\nSt\u00e9phane Par\u00e9<\/p>\n<p><strong>Administrators<\/strong><br \/>\nChantal Dubois<br \/>\nCharles Lacroix<br \/>\nFran\u00e7ois Grenier<br \/>\nMichel Thivierge[\/vc_column_text][\/vc_column][\/vc_row][\/vc_section][vc_section el_class=&#8221;section container&#8221; css=&#8221;.vc_custom_1649041429916{padding-top: 0px !important;}&#8221;][vc_row][vc_column el_class=&#8221;mb-4&#8243; extra_attr=&#8221;data-aos=&#8220;fade-up&#8220; data-aos-duration=&#8220;650&#8220; data-aos-easing=&#8220;ease-in&#8220;&#8221;][vc_column_text el_class=&#8221;mb-1&#8243;]<\/p>\n<h2 class=\"h4 text-uppercase\"><strong>Committees<\/strong><\/h2>\n<p>[\/vc_column_text][\/vc_column][\/vc_row][vc_row gap=&#8221;15&#8243; el_class=&#8221;border-bottom&#8221;][vc_column width=&#8221;1\/4&#8243; el_class=&#8221;mb-3&#8243; extra_attr=&#8221;data-aos=&#8220;fade-up&#8220; data-aos-duration=&#8220;650&#8220; data-aos-easing=&#8220;ease-in&#8220;&#8221;][vc_column_text]<\/p>\n<h2 class=\"h5\"><strong>CAPTAINCY<\/strong><\/h2>\n<p>[\/vc_column_text][vc_column_text css=&#8221;&#8221;]<strong><span style=\"vertical-align: inherit;\"><span style=\"vertical-align: inherit;\">Captain<\/span><\/span><\/strong><br \/>\n<span style=\"vertical-align: inherit;\"><span style=\"vertical-align: inherit;\"> Chantal Dubois<\/span><\/span><\/p>\n<p><strong><span style=\"vertical-align: inherit;\">Captain of Ladies League<\/span><\/strong><br \/>\n<span style=\"vertical-align: inherit;\"> Nancy Couture<\/span><\/p>\n<p><strong><span style=\"vertical-align: inherit;\">Captain of Juniors<\/span><\/strong><br \/>\n<span style=\"vertical-align: inherit;\"> Jacques Carri\u00e8re<\/span><\/p>\n<p><strong><span style=\"vertical-align: inherit;\">Assistant male captain<\/span><\/strong><br \/>\n<span style=\"vertical-align: inherit;\"> R\u00e9jean Desbiens<\/span><\/p>\n<p><strong><span style=\"vertical-align: inherit;\"><span style=\"vertical-align: inherit;\">Members<\/span><\/span><\/strong><\/p>\n<p><span style=\"vertical-align: inherit;\"><span style=\"vertical-align: inherit;\">Matthieu Blouin<\/span><\/span><strong><span style=\"vertical-align: inherit;\"><span style=\"vertical-align: inherit;\"><br \/>\n<\/span><\/span><\/strong><span style=\"vertical-align: inherit;\"><span style=\"vertical-align: inherit;\">Manon Caron<\/span><\/span><\/p>\n<p><strong><span style=\"vertical-align: inherit;\"><span style=\"vertical-align: inherit;\"><br \/>\n<\/span><\/span><\/strong><strong><span style=\"vertical-align: inherit;\">Golf Professionnal<\/span><\/strong><br \/>\n<span style=\"vertical-align: inherit;\"> Nicolas Huot<\/span><\/p>\n<p><strong><span style=\"vertical-align: inherit;\"><span style=\"vertical-align: inherit;\">Director of Golf operations and Member experience<\/span><\/span><\/strong><br \/>\n<span style=\"vertical-align: inherit;\"><span style=\"vertical-align: inherit;\"> Marie-Eve Dion<\/span><\/span><\/p>\n<p><strong><span style=\"vertical-align: inherit;\"><span style=\"vertical-align: inherit;\">General manager<\/span><\/span><\/strong><br \/>\n<span style=\"vertical-align: inherit;\"><span style=\"vertical-align: inherit;\"> David Rivest<\/span><\/span>[\/vc_column_text][\/vc_column][vc_column width=&#8221;1\/4&#8243; el_class=&#8221;mb-3&#8243; extra_attr=&#8221;data-aos=&#8220;fade-up&#8220; data-aos-duration=&#8220;650&#8220; data-aos-easing=&#8220;ease-in&#8220;&#8221;][vc_column_text]<\/p>\n<h2 class=\"h5\"><strong>TREASURY<\/strong><\/h2>\n<p>[\/vc_column_text][vc_column_text css=&#8221;&#8221;]<strong><span style=\"vertical-align: inherit;\"><span style=\"vertical-align: inherit;\">Committee President<\/span><\/span><\/strong><br \/>\n<span style=\"vertical-align: inherit;\"><span style=\"vertical-align: inherit;\"> St\u00e9phane Par\u00e9<\/span><\/span><\/p>\n<p><strong>Members<\/strong><br \/>\n<span style=\"vertical-align: inherit;\">\u00c9milie Bussi\u00e8res-Godbout<\/span><br \/>\n\u00c9ric Masson<br \/>\n<span style=\"vertical-align: inherit;\">Hugues Langlois<\/span><br \/>\n<span style=\"vertical-align: inherit;\">Louise Petit<\/span><br \/>\n<span style=\"vertical-align: inherit;\">Michel Huot<\/span><\/p>\n<p><strong><span style=\"vertical-align: inherit;\"><span style=\"vertical-align: inherit;\">General Manager<\/span><\/span><\/strong><br \/>\n<span style=\"vertical-align: inherit;\">David Rivest<\/span>[\/vc_column_text][\/vc_column][vc_column width=&#8221;1\/4&#8243; el_class=&#8221;mb-3&#8243; extra_attr=&#8221;data-aos=&#8220;fade-up&#8220; data-aos-duration=&#8220;650&#8220; data-aos-easing=&#8220;ease-in&#8220;&#8221;][vc_column_text]<\/p>\n<h2 class=\"h5\"><strong>GREEN<\/strong><\/h2>\n<p>[\/vc_column_text][vc_column_text css=&#8221;&#8221;]<strong>President<\/strong><br \/>\nDave Dumas<\/p>\n<p><strong>Members<\/strong><br \/>\nAndr\u00e9 Gagn\u00e9<br \/>\nCharles Bellemare<br \/>\nJacques B\u00e9dard<br \/>\nFrancis Simard<\/p>\n<p><strong>Captain<\/strong><br \/>\nChantal Dubois<\/p>\n<p><strong>Board of Directors President<\/strong><br \/>\nLouis Julien<\/p>\n<p><strong>Superintendent<\/strong><br \/>\nDany Jean<\/p>\n<p><strong>Professional<\/strong><br \/>\nNicolas Huot<\/p>\n<p><strong>Assistant-Superintendent<\/strong><br \/>\nSt\u00e9phane Bernier<br \/>\nKevin Maurice<\/p>\n<p><strong><span style=\"vertical-align: inherit;\">Director of Golf operations and Member experience<\/span><\/strong><br \/>\nMarie-Eve Dion<\/p>\n<p><strong>General Manager<\/strong><br \/>\n<span style=\"vertical-align: inherit;\">David Rivest<\/span>[\/vc_column_text][\/vc_column][vc_column width=&#8221;1\/4&#8243; el_class=&#8221;mb-3&#8243; extra_attr=&#8221;data-aos=&#8220;fade-up&#8220; data-aos-duration=&#8220;650&#8220; data-aos-easing=&#8220;ease-in&#8220;&#8221;][vc_column_text]<\/p>\n<h2 class=\"h5\"><strong>RECRUITMENT &amp; BUSINESS DEVELOPMENT<br \/>\n<\/strong><\/h2>\n<p>[\/vc_column_text][vc_column_text css=&#8221;&#8221;]<strong>President<br \/>\n<\/strong>Michel Thivierge<\/p>\n<p><strong>Members<\/strong><br \/>\nClaude Peachy<br \/>\nJonathan Pomerleau<br \/>\nLucie Grenier<br \/>\nMario Delisle<\/p>\n<p><strong>Professional<\/strong><br \/>\nNicolas Huot<\/p>\n<p><strong><span style=\"vertical-align: inherit;\">Director of Golf operations and Member experience<\/span><\/strong><br \/>\nMarie-Eve Dion<\/p>\n<p><strong>General Manager<br \/>\n<\/strong><span style=\"vertical-align: inherit;\">David Rivest<\/span>[\/vc_column_text][\/vc_column][\/vc_row][\/vc_section][vc_section el_class=&#8221;section container&#8221; css=&#8221;.vc_custom_1649041435451{padding-top: 0px !important;}&#8221;][vc_row gap=&#8221;15&#8243; el_class=&#8221;border-bottom&#8221;][vc_column width=&#8221;1\/4&#8243; el_class=&#8221;mb-3&#8243; extra_attr=&#8221;data-aos=&#8220;fade-up&#8220; data-aos-duration=&#8220;650&#8220; data-aos-easing=&#8220;ease-in&#8220;&#8221;][vc_column_text]<\/p>\n<h2 class=\"h5\"><strong>CLUBHOUSE &amp; SOCIAL ACTIVITIES<\/strong><\/h2>\n<p>[\/vc_column_text][vc_column_text css=&#8221;&#8221;]<strong><span style=\"vertical-align: inherit;\"><span style=\"vertical-align: inherit;\">President<\/span><\/span><\/strong><br \/>\nCharles Lacroix<\/p>\n<p><strong>Members<\/strong><br \/>\nChantal Dubois<br \/>\nBertrand Quiriault<br \/>\nNancy Couture<br \/>\nAntoine Laroche<\/p>\n<p>Daniel Kirouac<\/p>\n<h2 class=\"h5\"><\/h2>\n<p>[\/vc_column_text][vc_column_text css=&#8221;&#8221;]<\/p>\n<h2 class=\"h5\"><strong>PROPERTY MANAGEMENT<\/strong><\/h2>\n<p><strong>President<\/strong><br \/>\nFran\u00e7ois Grenier<\/p>\n<p><strong>Foreman<\/strong><br \/>\nDaniel Guimond<\/p>\n<p><strong>General Manager<\/strong><br \/>\n<span style=\"vertical-align: inherit;\">David Rivest<\/span>[\/vc_column_text][\/vc_column][vc_column width=&#8221;1\/4&#8243; el_class=&#8221;mb-3&#8243; extra_attr=&#8221;data-aos=&#8220;fade-up&#8220; data-aos-duration=&#8220;650&#8220; data-aos-easing=&#8220;ease-in&#8220;&#8221;][vc_column_text]<\/p>\n<h2 class=\"h5\"><strong>LABOR RELATIONS<\/strong><\/h2>\n<p>[\/vc_column_text][vc_column_text css=&#8221;&#8221;]<strong>President<\/strong><br \/>\nSerge Belleau<\/p>\n<p><strong>General Manager<\/strong><br \/>\n<span style=\"vertical-align: inherit;\">David Rivest<\/span>[\/vc_column_text][\/vc_column][vc_column width=&#8221;1\/4&#8243; el_class=&#8221;mb-3&#8243; extra_attr=&#8221;data-aos=&#8220;fade-up&#8220; data-aos-duration=&#8220;650&#8220; data-aos-easing=&#8220;ease-in&#8220;&#8221;][vc_column_text]<\/p>\n<h2 class=\"h5\"><strong>ETHICS AND CIRCULATION<\/strong><\/h2>\n<p>[\/vc_column_text][vc_column_text css=&#8221;&#8221;]<strong>President<\/strong><br \/>\nTBA<\/p>\n<p><strong>Members<\/strong><br \/>\nSylvie Bazin<br \/>\nBenoit Bernier<\/p>\n<p><strong>Starters<\/strong><br \/>\nGilles B\u00e9dard<br \/>\nPierre Fug\u00e8re<\/p>\n<p>Mario Girard<\/p>\n<p>Robert Javoc<\/p>\n<p><strong>Player&#8217;s Assistance<\/strong><br \/>\nDenis B\u00e9langer<br \/>\nG\u00e9rald D\u00e9silets<br \/>\nJacques Bouchard<\/p>\n<p><strong>Professional<\/strong><br \/>\nNicolas Huot<\/p>\n<p><strong><span style=\"vertical-align: inherit;\">Director of Golf operations and Member experience<\/span><\/strong><br \/>\nMarie-Eve Dion<\/p>\n<p><strong>General Manager<\/strong><br \/>\n<span style=\"vertical-align: inherit;\">David Rivest<\/span>[\/vc_column_text][\/vc_column][\/vc_row][\/vc_section][vc_section el_class=&#8221;section container&#8221; css=&#8221;.vc_custom_1649041439839{padding-top: 0px !important;}&#8221;][vc_row][vc_column width=&#8221;1\/4&#8243; el_class=&#8221;mb-3&#8243; extra_attr=&#8221;data-aos=&#8220;fade-up&#8220; data-aos-duration=&#8220;650&#8220; data-aos-easing=&#8220;ease-in&#8220;&#8221;][vc_column_text]<\/p>\n<h2 class=\"h5\"><strong>DISCIPLINARY<\/strong><\/h2>\n<p>[\/vc_column_text][vc_column_text css=&#8221;&#8221;]<strong>President<\/strong><br \/>\nMich\u00e8le Thivierge<\/p>\n<p><strong>Members<\/strong><br \/>\nRen\u00e9 B\u00e9dard<br \/>\nNancy Thivierge<\/p>\n<p><strong>Substitutes<\/strong><br \/>\nClaude Larose<br \/>\nSerge Barma<br \/>\nDiane Gagn\u00e9[\/vc_column_text][\/vc_column][vc_column width=&#8221;1\/4&#8243; el_class=&#8221;mb-3&#8243; extra_attr=&#8221;data-aos=&#8220;fade-up&#8220; data-aos-duration=&#8220;650&#8220; data-aos-easing=&#8220;ease-in&#8220;&#8221;][\/vc_column][\/vc_row][\/vc_section]<\/p>\n<\/div>","protected":false},"excerpt":{"rendered":"<p>[vc_section el_class=&#8221;container section&#8221;][vc_row el_class=&#8221;border-bottom&#8221;][vc_column width=&#8221;1\/4&#8243; extra_attr=&#8221;data-aos=&#8220;fade-up&#8220; data-aos-duration=&#8220;650&#8220; data-aos-easing=&#8220;ease-in&#8220;&#8221;][vc_column_text css=&#8221;&#8221; el_class=&#8221;mb-1&#8243;] General Manager David Rivest[\/vc_column_text][vc_column_text css=&#8221;&#8221;][\/vc_column_text][\/vc_column][vc_column width=&#8221;3\/4&#8243; extra_attr=&#8221;data-aos=&#8220;fade-up&#8220; data-aos-duration=&#8220;650&#8220; data-aos-easing=&#8220;ease-in&#8220;&#8221; el_class=&#8221;mb-3&#8243;][vc_column_text] BOARD OF DIRECTORS [\/vc_column_text][vc_column_text css=&#8221;&#8221;]President Louis Julien Vice-President Dave Dumas Secretary Serge Belleau Treasurer St\u00e9phane Par\u00e9 Administrators Chantal Dubois Charles Lacroix Fran\u00e7ois Grenier Michel Thivierge[\/vc_column_text][\/vc_column][\/vc_row][\/vc_section][vc_section el_class=&#8221;section container&#8221; css=&#8221;.vc_custom_1649041429916{padding-top: 0px !important;}&#8221;][vc_row][vc_column el_class=&#8221;mb-4&#8243; extra_attr=&#8221;data-aos=&#8220;fade-up&#8220; data-aos-duration=&#8220;650&#8220; data-aos-easing=&#8220;ease-in&#8220;&#8221;][vc_column_text el_class=&#8221;mb-1&#8243;] [&hellip;]<\/p>\n","protected":false},"author":8,"featured_media":788,"parent":0,"menu_order":2,"comment_status":"closed","ping_status":"closed","template":"","meta":{"_acf_changed":false,"inline_featured_image":false,"footnotes":""},"class_list":["post-2963","page","type-page","status-publish","has-post-thumbnail","hentry"],"acf":[],"_links":{"self":[{"href":"https:\/\/royalquebec.com\/en\/wp-json\/wp\/v2\/pages\/2963","targetHints":{"allow":["GET"]}}],"collection":[{"href":"https:\/\/royalquebec.com\/en\/wp-json\/wp\/v2\/pages"}],"about":[{"href":"https:\/\/royalquebec.com\/en\/wp-json\/wp\/v2\/types\/page"}],"author":[{"embeddable":true,"href":"https:\/\/royalquebec.com\/en\/wp-json\/wp\/v2\/users\/8"}],"replies":[{"embeddable":true,"href":"https:\/\/royalquebec.com\/en\/wp-json\/wp\/v2\/comments?post=2963"}],"version-history":[{"count":33,"href":"https:\/\/royalquebec.com\/en\/wp-json\/wp\/v2\/pages\/2963\/revisions"}],"predecessor-version":[{"id":7821,"href":"https:\/\/royalquebec.com\/en\/wp-json\/wp\/v2\/pages\/2963\/revisions\/7821"}],"wp:featuredmedia":[{"embeddable":true,"href":"https:\/\/royalquebec.com\/en\/wp-json\/wp\/v2\/media\/788"}],"wp:attachment":[{"href":"https:\/\/royalquebec.com\/en\/wp-json\/wp\/v2\/media?parent=2963"}],"curies":[{"name":"wp","href":"https:\/\/api.w.org\/{rel}","templated":true}]}}